{"id":21256,"date":"2025-11-21T20:00:45","date_gmt":"2025-11-21T20:00:45","guid":{"rendered":"https:\/\/three.al\/?post_type=product&#038;p=21256"},"modified":"2026-03-13T17:45:15","modified_gmt":"2026-03-13T17:45:15","slug":"ribbon-hairband","status":"publish","type":"product","link":"https:\/\/three.al\/al\/product\/ribbon-hairband\/","title":{"rendered":"Ribbon Hairband"},"content":{"rendered":"<div data-elementor-type=\"wp-post\" data-elementor-id=\"21256\" class=\"elementor elementor-21256\">\n\t\t\t\t\t\t<section class=\"wd-negative-gap elementor-section elementor-top-section elementor-element elementor-element-0fad4bd elementor-section-boxed elementor-section-height-default elementor-section-height-default\" data-id=\"0fad4bd\" data-element_type=\"section\">\n\t\t\t\t\t\t<div class=\"elementor-container elementor-column-gap-default\">\n\t\t\t\t\t<div class=\"elementor-column elementor-col-100 elementor-top-column elementor-element elementor-element-caabc50\" data-id=\"caabc50\" data-element_type=\"column\">\n\t\t\t<div class=\"elementor-widget-wrap elementor-element-populated\">\n\t\t\t\t\t\t<div class=\"elementor-element elementor-element-62b0fba color-scheme-inherit text-left elementor-widget elementor-widget-text-editor\" data-id=\"62b0fba\" data-element_type=\"widget\" data-widget_type=\"text-editor.default\">\n\t\t\t\t<div class=\"elementor-widget-container\">\n\t\t\t\t\t\t\t\t\t<p>Kapele me streh\u00eb me gjethe t\u00ebrfili. Praktike dhe moderne, p\u00ebr t\u00eb gjitha stin\u00ebt e vitit.<\/p>\t\t\t\t\t\t\t\t<\/div>\n\t\t\t\t<\/div>\n\t\t\t\t\t<\/div>\n\t\t<\/div>\n\t\t\t\t\t<\/div>\n\t\t<\/section>\n\t\t\t\t<\/div>","protected":false},"excerpt":{"rendered":"<p>4 Stinet<br \/>\nPraktike<br \/>\nModerne<\/p>","protected":false},"featured_media":21424,"comment_status":"open","ping_status":"closed","template":"","meta":[],"product_brand":[],"product_cat":[83,89,90,140,91,137,138,152,139,15,31,19,37,41],"product_tag":[],"class_list":{"0":"post-21256","1":"product","2":"type-product","3":"status-publish","4":"has-post-thumbnail","6":"product_cat-christmas","7":"product_cat-for-kids","8":"product_cat-for-new-born","9":"product_cat-hair-accessories","10":"product_cat-hairband","11":"product_cat-holidays","12":"product_cat-seasonal","13":"product_cat-spring-2026","14":"product_cat-wearable","15":"product_cat-new-in","16":"product_cat-wear","17":"product_cat-accessories","18":"product_cat-collection","19":"product_cat-gifts","21":"first","22":"instock","23":"shipping-taxable","24":"purchasable","25":"product-type-variable"},"_links":{"self":[{"href":"https:\/\/three.al\/al\/wp-json\/wp\/v2\/product\/21256","targetHints":{"allow":["GET"]}}],"collection":[{"href":"https:\/\/three.al\/al\/wp-json\/wp\/v2\/product"}],"about":[{"href":"https:\/\/three.al\/al\/wp-json\/wp\/v2\/types\/product"}],"replies":[{"embeddable":true,"href":"https:\/\/three.al\/al\/wp-json\/wp\/v2\/comments?post=21256"}],"version-history":[{"count":3,"href":"https:\/\/three.al\/al\/wp-json\/wp\/v2\/product\/21256\/revisions"}],"predecessor-version":[{"id":22097,"href":"https:\/\/three.al\/al\/wp-json\/wp\/v2\/product\/21256\/revisions\/22097"}],"wp:featuredmedia":[{"embeddable":true,"href":"https:\/\/three.al\/al\/wp-json\/wp\/v2\/media\/21424"}],"wp:attachment":[{"href":"https:\/\/three.al\/al\/wp-json\/wp\/v2\/media?parent=21256"}],"wp:term":[{"taxonomy":"product_brand","embeddable":true,"href":"https:\/\/three.al\/al\/wp-json\/wp\/v2\/product_brand?post=21256"},{"taxonomy":"product_cat","embeddable":true,"href":"https:\/\/three.al\/al\/wp-json\/wp\/v2\/product_cat?post=21256"},{"taxonomy":"product_tag","embeddable":true,"href":"https:\/\/three.al\/al\/wp-json\/wp\/v2\/product_tag?post=21256"}],"curies":[{"name":"wp","href":"https:\/\/api.w.org\/{rel}","templated":true}]}}