{"id":16352,"date":"2023-06-06T17:00:01","date_gmt":"2023-06-06T17:00:01","guid":{"rendered":"https:\/\/three.al\/?post_type=product&#038;p=16352"},"modified":"2025-05-31T22:52:18","modified_gmt":"2025-05-31T22:52:18","slug":"ppappico-hat","status":"publish","type":"product","link":"https:\/\/three.al\/al\/product\/ppappico-hat\/","title":{"rendered":"Ppappico Hat"},"content":{"rendered":"<div data-elementor-type=\"wp-post\" data-elementor-id=\"16352\" class=\"elementor elementor-16352\">\n\t\t\t\t\t\t<section class=\"wd-negative-gap elementor-section elementor-top-section elementor-element elementor-element-0fad4bd elementor-section-boxed elementor-section-height-default elementor-section-height-default\" data-id=\"0fad4bd\" data-element_type=\"section\">\n\t\t\t\t\t\t<div class=\"elementor-container elementor-column-gap-default\">\n\t\t\t\t\t<div class=\"elementor-column elementor-col-100 elementor-top-column elementor-element elementor-element-caabc50\" data-id=\"caabc50\" data-element_type=\"column\">\n\t\t\t<div class=\"elementor-widget-wrap elementor-element-populated\">\n\t\t\t\t\t\t<div class=\"elementor-element elementor-element-62b0fba color-scheme-inherit text-left elementor-widget elementor-widget-text-editor\" data-id=\"62b0fba\" data-element_type=\"widget\" data-widget_type=\"text-editor.default\">\n\t\t\t\t<div class=\"elementor-widget-container\">\n\t\t\t\t\t\t\t\t\t<p>Kapele me streh\u00eb me gjethe t\u00ebrfili. Praktike dhe moderne, p\u00ebr t\u00eb gjitha stin\u00ebt e vitit.<\/p>\t\t\t\t\t\t\t\t<\/div>\n\t\t\t\t<\/div>\n\t\t\t\t\t<\/div>\n\t\t<\/div>\n\t\t\t\t\t<\/div>\n\t\t<\/section>\n\t\t\t\t<\/div>","protected":false},"excerpt":{"rendered":"<p>4 Stinet<br \/>\nPraktike<br \/>\nModerne<\/p>","protected":false},"featured_media":16354,"comment_status":"open","ping_status":"closed","template":"","meta":[],"product_brand":[],"product_cat":[89,86,138,157,139,19,37,41],"product_tag":[],"class_list":{"0":"post-16352","1":"product","2":"type-product","3":"status-publish","4":"has-post-thumbnail","6":"product_cat-for-kids","7":"product_cat-hat","8":"product_cat-seasonal","9":"product_cat-summer-2026","10":"product_cat-wearable","11":"product_cat-accessories","12":"product_cat-collection","13":"product_cat-gifts","15":"first","16":"instock","17":"shipping-taxable","18":"purchasable","19":"product-type-variable"},"_links":{"self":[{"href":"https:\/\/three.al\/al\/wp-json\/wp\/v2\/product\/16352","targetHints":{"allow":["GET"]}}],"collection":[{"href":"https:\/\/three.al\/al\/wp-json\/wp\/v2\/product"}],"about":[{"href":"https:\/\/three.al\/al\/wp-json\/wp\/v2\/types\/product"}],"replies":[{"embeddable":true,"href":"https:\/\/three.al\/al\/wp-json\/wp\/v2\/comments?post=16352"}],"version-history":[{"count":2,"href":"https:\/\/three.al\/al\/wp-json\/wp\/v2\/product\/16352\/revisions"}],"predecessor-version":[{"id":16357,"href":"https:\/\/three.al\/al\/wp-json\/wp\/v2\/product\/16352\/revisions\/16357"}],"wp:featuredmedia":[{"embeddable":true,"href":"https:\/\/three.al\/al\/wp-json\/wp\/v2\/media\/16354"}],"wp:attachment":[{"href":"https:\/\/three.al\/al\/wp-json\/wp\/v2\/media?parent=16352"}],"wp:term":[{"taxonomy":"product_brand","embeddable":true,"href":"https:\/\/three.al\/al\/wp-json\/wp\/v2\/product_brand?post=16352"},{"taxonomy":"product_cat","embeddable":true,"href":"https:\/\/three.al\/al\/wp-json\/wp\/v2\/product_cat?post=16352"},{"taxonomy":"product_tag","embeddable":true,"href":"https:\/\/three.al\/al\/wp-json\/wp\/v2\/product_tag?post=16352"}],"curies":[{"name":"wp","href":"https:\/\/api.w.org\/{rel}","templated":true}]}}