{"id":16329,"date":"2023-06-06T16:41:25","date_gmt":"2023-06-06T16:41:25","guid":{"rendered":"https:\/\/three.al\/?post_type=product&#038;p=16329"},"modified":"2024-11-08T22:09:08","modified_gmt":"2024-11-08T22:09:08","slug":"frans-sun-glasses","status":"publish","type":"product","link":"https:\/\/three.al\/al\/product\/frans-sun-glasses\/","title":{"rendered":"Frans Sun Glasses"},"content":{"rendered":"<div data-elementor-type=\"wp-post\" data-elementor-id=\"16329\" class=\"elementor elementor-16329\">\n\t\t\t\t\t\t<section class=\"wd-negative-gap elementor-section elementor-top-section elementor-element elementor-element-0fad4bd elementor-section-boxed elementor-section-height-default elementor-section-height-default\" data-id=\"0fad4bd\" data-element_type=\"section\">\n\t\t\t\t\t\t<div class=\"elementor-container elementor-column-gap-default\">\n\t\t\t\t\t<div class=\"elementor-column elementor-col-100 elementor-top-column elementor-element elementor-element-caabc50\" data-id=\"caabc50\" data-element_type=\"column\">\n\t\t\t<div class=\"elementor-widget-wrap elementor-element-populated\">\n\t\t\t\t\t\t<div class=\"elementor-element elementor-element-62b0fba color-scheme-inherit text-left elementor-widget elementor-widget-text-editor\" data-id=\"62b0fba\" data-element_type=\"widget\" data-widget_type=\"text-editor.default\">\n\t\t\t\t<div class=\"elementor-widget-container\">\n\t\t\t\t\t\t\t\t\t<p>Kapele me streh\u00eb me gjethe t\u00ebrfili. Praktike dhe moderne, p\u00ebr t\u00eb gjitha stin\u00ebt e vitit.<\/p>\t\t\t\t\t\t\t\t<\/div>\n\t\t\t\t<\/div>\n\t\t\t\t\t<\/div>\n\t\t<\/div>\n\t\t\t\t\t<\/div>\n\t\t<\/section>\n\t\t\t\t<\/div>","protected":false},"excerpt":{"rendered":"<p>4 Stinet<br \/>\nPraktike<br \/>\nModerne<\/p>","protected":false},"featured_media":16334,"comment_status":"open","ping_status":"closed","template":"","meta":[],"product_brand":[],"product_cat":[89,138,157,160,139,19,37,41],"product_tag":[],"class_list":{"0":"post-16329","1":"product","2":"type-product","3":"status-publish","4":"has-post-thumbnail","6":"product_cat-for-kids","7":"product_cat-seasonal","8":"product_cat-summer-2026","9":"product_cat-sun-glasses","10":"product_cat-wearable","11":"product_cat-accessories","12":"product_cat-collection","13":"product_cat-gifts","15":"first","16":"instock","17":"shipping-taxable","18":"purchasable","19":"product-type-variable"},"_links":{"self":[{"href":"https:\/\/three.al\/al\/wp-json\/wp\/v2\/product\/16329","targetHints":{"allow":["GET"]}}],"collection":[{"href":"https:\/\/three.al\/al\/wp-json\/wp\/v2\/product"}],"about":[{"href":"https:\/\/three.al\/al\/wp-json\/wp\/v2\/types\/product"}],"replies":[{"embeddable":true,"href":"https:\/\/three.al\/al\/wp-json\/wp\/v2\/comments?post=16329"}],"version-history":[{"count":1,"href":"https:\/\/three.al\/al\/wp-json\/wp\/v2\/product\/16329\/revisions"}],"predecessor-version":[{"id":16341,"href":"https:\/\/three.al\/al\/wp-json\/wp\/v2\/product\/16329\/revisions\/16341"}],"wp:featuredmedia":[{"embeddable":true,"href":"https:\/\/three.al\/al\/wp-json\/wp\/v2\/media\/16334"}],"wp:attachment":[{"href":"https:\/\/three.al\/al\/wp-json\/wp\/v2\/media?parent=16329"}],"wp:term":[{"taxonomy":"product_brand","embeddable":true,"href":"https:\/\/three.al\/al\/wp-json\/wp\/v2\/product_brand?post=16329"},{"taxonomy":"product_cat","embeddable":true,"href":"https:\/\/three.al\/al\/wp-json\/wp\/v2\/product_cat?post=16329"},{"taxonomy":"product_tag","embeddable":true,"href":"https:\/\/three.al\/al\/wp-json\/wp\/v2\/product_tag?post=16329"}],"curies":[{"name":"wp","href":"https:\/\/api.w.org\/{rel}","templated":true}]}}