{"id":12993,"date":"2021-12-09T08:49:15","date_gmt":"2021-12-09T08:49:15","guid":{"rendered":"https:\/\/three.al\/?post_type=product&#038;p=12993"},"modified":"2026-02-03T19:36:02","modified_gmt":"2026-02-03T19:36:02","slug":"happy-socks","status":"publish","type":"product","link":"https:\/\/three.al\/al\/product\/happy-socks\/","title":{"rendered":"Ace Foot Leggings"},"content":{"rendered":"<div data-elementor-type=\"wp-post\" data-elementor-id=\"12993\" class=\"elementor elementor-12993\">\n\t\t\t\t\t\t<section class=\"wd-negative-gap elementor-section elementor-top-section elementor-element elementor-element-0fad4bd elementor-section-boxed elementor-section-height-default elementor-section-height-default\" data-id=\"0fad4bd\" data-element_type=\"section\">\n\t\t\t\t\t\t<div class=\"elementor-container elementor-column-gap-default\">\n\t\t\t\t\t<div class=\"elementor-column elementor-col-100 elementor-top-column elementor-element elementor-element-caabc50\" data-id=\"caabc50\" data-element_type=\"column\">\n\t\t\t<div class=\"elementor-widget-wrap elementor-element-populated\">\n\t\t\t\t\t\t<div class=\"elementor-element elementor-element-62b0fba color-scheme-inherit text-left elementor-widget elementor-widget-text-editor\" data-id=\"62b0fba\" data-element_type=\"widget\" data-widget_type=\"text-editor.default\">\n\t\t\t\t<div class=\"elementor-widget-container\">\n\t\t\t\t\t\t\t\t\t<p>Vishini k\u00ebmb\u00ebt e vogla me k\u00ebto \u00e7orape t\u00eb bukura dhe t\u00eb buta pambuku organik! Dizenjuar p\u00ebr t\u00eb q\u00ebndruar rehat  n\u00ebn gjurin e foshnj\u00ebs, n\u00eb m\u00ebnyr\u00eb q\u00eb ata t\u00eb q\u00ebndrojn\u00eb bukur dhe t'i mbajn\u00eb k\u00ebmb\u00ebt  t\u00eb buta dhe t\u00eb ngrohta.<\/p>\t\t\t\t\t\t\t\t<\/div>\n\t\t\t\t<\/div>\n\t\t\t\t\t<\/div>\n\t\t<\/div>\n\t\t\t\t\t<\/div>\n\t\t<\/section>\n\t\t\t\t<\/div>","protected":false},"excerpt":{"rendered":"<p>Organic Cotton leggings<br \/>\nI qet\u00eb dhe i ngroht\u00eb<br \/>\nKomode<\/p>","protected":false},"featured_media":15104,"comment_status":"open","ping_status":"closed","template":"","meta":[],"product_brand":[],"product_cat":[78,90,138,139,171,31,41],"product_tag":[],"class_list":{"0":"post-12993","1":"product","2":"type-product","3":"status-publish","4":"has-post-thumbnail","6":"product_cat-bottoms","7":"product_cat-for-new-born","8":"product_cat-seasonal","9":"product_cat-wearable","10":"product_cat-winter-2026","11":"product_cat-wear","12":"product_cat-gifts","14":"first","15":"instock","16":"shipping-taxable","17":"purchasable","18":"product-type-variable"},"_links":{"self":[{"href":"https:\/\/three.al\/al\/wp-json\/wp\/v2\/product\/12993","targetHints":{"allow":["GET"]}}],"collection":[{"href":"https:\/\/three.al\/al\/wp-json\/wp\/v2\/product"}],"about":[{"href":"https:\/\/three.al\/al\/wp-json\/wp\/v2\/types\/product"}],"replies":[{"embeddable":true,"href":"https:\/\/three.al\/al\/wp-json\/wp\/v2\/comments?post=12993"}],"version-history":[{"count":11,"href":"https:\/\/three.al\/al\/wp-json\/wp\/v2\/product\/12993\/revisions"}],"predecessor-version":[{"id":15117,"href":"https:\/\/three.al\/al\/wp-json\/wp\/v2\/product\/12993\/revisions\/15117"}],"wp:featuredmedia":[{"embeddable":true,"href":"https:\/\/three.al\/al\/wp-json\/wp\/v2\/media\/15104"}],"wp:attachment":[{"href":"https:\/\/three.al\/al\/wp-json\/wp\/v2\/media?parent=12993"}],"wp:term":[{"taxonomy":"product_brand","embeddable":true,"href":"https:\/\/three.al\/al\/wp-json\/wp\/v2\/product_brand?post=12993"},{"taxonomy":"product_cat","embeddable":true,"href":"https:\/\/three.al\/al\/wp-json\/wp\/v2\/product_cat?post=12993"},{"taxonomy":"product_tag","embeddable":true,"href":"https:\/\/three.al\/al\/wp-json\/wp\/v2\/product_tag?post=12993"}],"curies":[{"name":"wp","href":"https:\/\/api.w.org\/{rel}","templated":true}]}}